{"id":24,"date":"2025-12-28T20:19:31","date_gmt":"2025-12-28T19:19:31","guid":{"rendered":"https:\/\/waldek.promo-as.pl\/?page_id=24"},"modified":"2025-12-28T21:16:46","modified_gmt":"2025-12-28T20:16:46","slug":"strona-glowna","status":"publish","type":"page","link":"https:\/\/waldek.promo-as.pl\/","title":{"rendered":"Strona g\u0142\u00f3wna"},"content":{"rendered":"\t\t<div data-elementor-type=\"wp-page\" data-elementor-id=\"24\" class=\"elementor elementor-24\" data-elementor-post-type=\"page\">\n\t\t\t\t<div class=\"elementor-element elementor-element-399f2b9 e-flex e-con-boxed e-con e-parent\" data-id=\"399f2b9\" data-element_type=\"container\" data-settings=\"{&quot;background_background&quot;:&quot;classic&quot;,&quot;shape_divider_top&quot;:&quot;mountains&quot;}\">\n\t\t\t\t\t<div class=\"e-con-inner\">\n\t\t\t\t<div class=\"elementor-shape elementor-shape-top\" aria-hidden=\"true\" data-negative=\"false\">\n\t\t\t<svg xmlns=\"http:\/\/www.w3.org\/2000\/svg\" viewBox=\"0 0 1000 100\" preserveAspectRatio=\"none\">\n\t<path class=\"elementor-shape-fill\" opacity=\"0.33\" d=\"M473,67.3c-203.9,88.3-263.1-34-320.3,0C66,119.1,0,59.7,0,59.7V0h1000v59.7 c0,0-62.1,26.1-94.9,29.3c-32.8,3.3-62.8-12.3-75.8-22.1C806,49.6,745.3,8.7,694.9,4.7S492.4,59,473,67.3z\"\/>\n\t<path class=\"elementor-shape-fill\" opacity=\"0.66\" d=\"M734,67.3c-45.5,0-77.2-23.2-129.1-39.1c-28.6-8.7-150.3-10.1-254,39.1 s-91.7-34.4-149.2,0C115.7,118.3,0,39.8,0,39.8V0h1000v36.5c0,0-28.2-18.5-92.1-18.5C810.2,18.1,775.7,67.3,734,67.3z\"\/>\n\t<path class=\"elementor-shape-fill\" d=\"M766.1,28.9c-200-57.5-266,65.5-395.1,19.5C242,1.8,242,5.4,184.8,20.6C128,35.8,132.3,44.9,89.9,52.5C28.6,63.7,0,0,0,0 h1000c0,0-9.9,40.9-83.6,48.1S829.6,47,766.1,28.9z\"\/>\n<\/svg>\t\t<\/div>\n\t\t<div class=\"elementor-element elementor-element-3bd089a e-con-full e-flex e-con e-child\" data-id=\"3bd089a\" data-element_type=\"container\">\n\t\t\t\t<div class=\"elementor-element elementor-element-817848b elementor-widget-divider--view-line elementor-widget elementor-widget-divider\" data-id=\"817848b\" data-element_type=\"widget\" data-widget_type=\"divider.default\">\n\t\t\t\t\t\t\t<div class=\"elementor-divider\">\n\t\t\t<span class=\"elementor-divider-separator\">\n\t\t\t\t\t\t<\/span>\n\t\t<\/div>\n\t\t\t\t\t\t<\/div>\n\t\t\t\t<div class=\"elementor-element elementor-element-d3c084c elementor-widget__width-initial elementor-widget elementor-widget-video\" data-id=\"d3c084c\" data-element_type=\"widget\" data-settings=\"{&quot;video_type&quot;:&quot;hosted&quot;,&quot;controls&quot;:&quot;yes&quot;}\" data-widget_type=\"video.default\">\n\t\t\t\t\t\t\t<div class=\"e-hosted-video elementor-wrapper elementor-open-inline\">\n\t\t\t\t\t<video class=\"elementor-video\" src=\"https:\/\/waldek.promo-as.pl\/wp-content\/uploads\/2025\/12\/VID-20251211-WA0000.mp4\" controls=\"\" preload=\"metadata\" controlsList=\"nodownload\"><\/video>\n\t\t\t\t<\/div>\n\t\t\t\t\t\t<\/div>\n\t\t\t\t<\/div>\n\t\t<div class=\"elementor-element elementor-element-0554b32 e-con-full e-flex e-con e-child\" data-id=\"0554b32\" data-element_type=\"container\">\n\t\t\t\t<div class=\"elementor-element elementor-element-42f68ef elementor-widget-divider--view-line elementor-widget elementor-widget-divider\" data-id=\"42f68ef\" data-element_type=\"widget\" data-widget_type=\"divider.default\">\n\t\t\t\t\t\t\t<div class=\"elementor-divider\">\n\t\t\t<span class=\"elementor-divider-separator\">\n\t\t\t\t\t\t<\/span>\n\t\t<\/div>\n\t\t\t\t\t\t<\/div>\n\t\t\t\t<div class=\"elementor-element elementor-element-e40874a elementor-widget elementor-widget-text-editor\" data-id=\"e40874a\" data-element_type=\"widget\" data-widget_type=\"text-editor.default\">\n\t\t\t\t\t\t\t\t\t<p>Witam Pa\u0144stwa na mojej stronie internetowej.\u00a0<\/p><p>Od kilkunastu lat sprawiamy, \u017ce Pa\u0144stwa imprezy okoliczno\u015bciowe, du\u017ce i ma\u0142e wydarzenia czy wigilie firmowe smakuj\u0105 doskonale.\u00a0<\/p><p>Wyobra\u017ania, do\u015bwiadczenie, wiedza oraz niezawodny zesp\u00f3\u0142 wsp\u00f3\u0142pracownik\u00f3w sprawiaj\u0105, \u017ce podawane przez nas dania zyskaj\u0105 aprobat\u0119 wszystkich Pa\u0144stwa go\u015bci.\u00a0<\/p><p>Jeste\u015bmy otwarci na propozycje, z przyjemno\u015bci\u0105 podpowiemy i doradzimy.\u00a0<\/p><p>Nasza firma dzia\u0142a na terenie wojew\u00f3dztwa kujawsko-pomorskiego.\u00a0\u00a0<\/p>\t\t\t\t\t\t\t\t<\/div>\n\t\t\t\t<div class=\"elementor-element elementor-element-c721670 elementor-widget elementor-widget-tp-button\" data-id=\"c721670\" data-element_type=\"widget\" data-widget_type=\"tp-button.default\">\n\t\t\t\t\t<div class=\"pt-plus-button-wrapper   text-center   \"><div class=\"button_parallax   \" ><div id=\"button69e35f131e17a\"  class=\" text-center ts-button content_hover_effect   \" ><div class=\"pt_plus_button btn69e35f131de51 button-style-19   \"  ><div class=\"animted-content-inner \"><a href=\"#\" class=\"button-link-wrap \" role=\"button\" data-hover=\"SPRAWD\u0179 NASZ\u0104 OFERT\u0118\"  ><span>SPRAWD\u0179 NASZ\u0104 OFERT\u0118<\/span><i class=\"btn-icon button-after fa fa-chevron-right\"><\/i><\/a><\/div><\/div><\/div><\/div><\/div>\t\t\t\t<\/div>\n\t\t\t\t<\/div>\n\t\t\t\t\t<\/div>\n\t\t\t\t<\/div>\n\t\t\t\t<\/div>\n\t\t","protected":false},"excerpt":{"rendered":"<p>https:\/\/waldek.promo-as.pl\/wp-content\/uploads\/2025\/12\/VID-20251211-WA0000.mp4 Witam Pa\u0144stwa na mojej stronie internetowej.\u00a0 Od kilkunastu lat sprawiamy, \u017ce Pa\u0144stwa imprezy okoliczno\u015bciowe, du\u017ce i ma\u0142e wydarzenia czy wigilie firmowe smakuj\u0105 doskonale.\u00a0 Wyobra\u017ania, do\u015bwiadczenie, wiedza oraz niezawodny zesp\u00f3\u0142 wsp\u00f3\u0142pracownik\u00f3w sprawiaj\u0105, \u017ce podawane przez nas dania zyskaj\u0105 aprobat\u0119 wszystkich Pa\u0144stwa go\u015bci.\u00a0 Jeste\u015bmy otwarci na propozycje, z przyjemno\u015bci\u0105 podpowiemy i doradzimy.\u00a0 Nasza firma dzia\u0142a na [&hellip;]<\/p>\n","protected":false},"author":1,"featured_media":0,"parent":0,"menu_order":0,"comment_status":"closed","ping_status":"closed","template":"elementor_header_footer","meta":{"footnotes":""},"class_list":["post-24","page","type-page","status-publish","hentry"],"_links":{"self":[{"href":"https:\/\/waldek.promo-as.pl\/index.php?rest_route=\/wp\/v2\/pages\/24","targetHints":{"allow":["GET"]}}],"collection":[{"href":"https:\/\/waldek.promo-as.pl\/index.php?rest_route=\/wp\/v2\/pages"}],"about":[{"href":"https:\/\/waldek.promo-as.pl\/index.php?rest_route=\/wp\/v2\/types\/page"}],"author":[{"embeddable":true,"href":"https:\/\/waldek.promo-as.pl\/index.php?rest_route=\/wp\/v2\/users\/1"}],"replies":[{"embeddable":true,"href":"https:\/\/waldek.promo-as.pl\/index.php?rest_route=%2Fwp%2Fv2%2Fcomments&post=24"}],"version-history":[{"count":22,"href":"https:\/\/waldek.promo-as.pl\/index.php?rest_route=\/wp\/v2\/pages\/24\/revisions"}],"predecessor-version":[{"id":60,"href":"https:\/\/waldek.promo-as.pl\/index.php?rest_route=\/wp\/v2\/pages\/24\/revisions\/60"}],"wp:attachment":[{"href":"https:\/\/waldek.promo-as.pl\/index.php?rest_route=%2Fwp%2Fv2%2Fmedia&parent=24"}],"curies":[{"name":"wp","href":"https:\/\/api.w.org\/{rel}","templated":true}]}}